{"id":14,"date":"2026-03-02T05:28:31","date_gmt":"2026-03-02T05:28:31","guid":{"rendered":"https:\/\/tulipan.salgon.com\/?page_id=14"},"modified":"2026-03-09T16:17:12","modified_gmt":"2026-03-09T16:17:12","slug":"tulipan","status":"publish","type":"page","link":"https:\/\/tulipan.salgon.com\/","title":{"rendered":"Tulipan"},"content":{"rendered":"<p>[et_pb_section fb_built=&#8221;1&#8243; custom_padding_last_edited=&#8221;on|phone&#8221; admin_label=&#8221;Header&#8221; _builder_version=&#8221;4.27.5&#8243; _module_preset=&#8221;3573a92c-bec0-4743-9c21-0de82d6fe737&#8243; background_color=&#8221;#ffffff&#8221; use_background_color_gradient=&#8221;off&#8221; background_enable_image=&#8221;off&#8221; height=&#8221;300px&#8221; custom_margin=&#8221;0px||0px||false|false&#8221; custom_padding=&#8221;0px||0px||false|false&#8221; custom_padding_tablet=&#8221;20vw||0px||false|false&#8221; custom_padding_phone=&#8221;20vw||0px||false|false&#8221; global_colors_info=&#8221;{}&#8221;][et_pb_row _builder_version=&#8221;4.27.5&#8243; _module_preset=&#8221;default&#8221; height=&#8221;300px&#8221; custom_margin=&#8221;0px||0px||false|false&#8221; custom_padding=&#8221;0px||0px||false|false&#8221; global_colors_info=&#8221;{}&#8221;][et_pb_column type=&#8221;4_4&#8243; _builder_version=&#8221;4.27.5&#8243; _module_preset=&#8221;default&#8221; global_colors_info=&#8221;{}&#8221;][et_pb_image src=&#8221;https:\/\/tulipan.salgon.com\/wp-content\/uploads\/2026\/03\/logo-tulipan.png&#8221; title_text=&#8221;logo-tulipan&#8221; align=&#8221;center&#8221; _builder_version=&#8221;4.27.5&#8243; _module_preset=&#8221;default&#8221; height=&#8221;300px&#8221; custom_margin=&#8221;0px||0px||false|false&#8221; custom_padding=&#8221;0px||0px||false|false&#8221; global_colors_info=&#8221;{}&#8221;][\/et_pb_image][\/et_pb_column][\/et_pb_row][\/et_pb_section][et_pb_section fb_built=&#8221;1&#8243; fullwidth=&#8221;on&#8221; _builder_version=&#8221;4.27.5&#8243; _module_preset=&#8221;default&#8221; global_colors_info=&#8221;{}&#8221;][et_pb_fullwidth_image src=&#8221;https:\/\/tulipan.salgon.com\/wp-content\/uploads\/2026\/03\/INT-03-COMEDOR-SALA.png&#8221; title_text=&#8221;INT-03 COMEDOR &#8211; SALA&#8221; _builder_version=&#8221;4.27.5&#8243; _module_preset=&#8221;default&#8221; custom_margin=&#8221;0px||0px||false|false&#8221; custom_padding=&#8221;0px||0px||false|false&#8221; global_colors_info=&#8221;{}&#8221;][\/et_pb_fullwidth_image][\/et_pb_section][et_pb_section fb_built=&#8221;1&#8243; specialty=&#8221;on&#8221; admin_label=&#8221;Stats&#8221; _builder_version=&#8221;4.25.2&#8243; _module_preset=&#8221;default&#8221; inner_width=&#8221;90%&#8221; inner_max_width=&#8221;1500px&#8221; global_colors_info=&#8221;{}&#8221;][et_pb_column type=&#8221;1_3&#8243; _builder_version=&#8221;4.16&#8243; _module_preset=&#8221;default&#8221; custom_padding=&#8221;|||&#8221; global_colors_info=&#8221;{}&#8221; custom_padding__hover=&#8221;|||&#8221;][et_pb_heading title=&#8221;Vive el equilibrio perfecto entre funcionalidad, dise\u00f1o y confort.&#8221; _builder_version=&#8221;4.27.5&#8243; _module_preset=&#8221;a4999727-4024-4d57-a9e2-2466e444faa3&#8243; title_level=&#8221;h6&#8243; title_text_align=&#8221;justify&#8221; title_font_size=&#8221;21px&#8221; locked=&#8221;off&#8221; global_colors_info=&#8221;{}&#8221;][\/et_pb_heading][et_pb_image src=&#8221;https:\/\/tulipan.salgon.com\/wp-content\/uploads\/2026\/03\/INT-02-SALA-COMEDOR-2.png&#8221; title_text=&#8221;INT-02 SALA &#8211; COMEDOR (2)&#8221; _builder_version=&#8221;4.27.5&#8243; _module_preset=&#8221;default&#8221; global_colors_info=&#8221;{}&#8221;][\/et_pb_image][\/et_pb_column][et_pb_column type=&#8221;2_3&#8243; specialty_columns=&#8221;2&#8243; _builder_version=&#8221;4.16&#8243; _module_preset=&#8221;default&#8221; custom_padding=&#8221;|||&#8221; global_colors_info=&#8221;{}&#8221; custom_padding__hover=&#8221;|||&#8221;][et_pb_row_inner custom_padding_last_edited=&#8221;on|phone&#8221; _builder_version=&#8221;4.25.2&#8243; _module_preset=&#8221;default&#8221; custom_padding_tablet=&#8221;0px||0px||true|false&#8221; custom_padding_phone=&#8221;0px||0px||true|false&#8221; global_colors_info=&#8221;{}&#8221;][et_pb_column_inner saved_specialty_column_type=&#8221;2_3&#8243; _builder_version=&#8221;4.25.2&#8243; _module_preset=&#8221;default&#8221; global_colors_info=&#8221;{}&#8221;][et_pb_text _builder_version=&#8221;4.27.6&#8243; _module_preset=&#8221;82759deb-7f9d-4d2a-9dce-1491eb1c6fdd&#8221; max_width=&#8221;625px&#8221; global_colors_info=&#8221;{}&#8221;]<\/p>\n<p data-start=\"564\" data-end=\"716\" style=\"text-align: justify;\">Casa Tulip\u00e1n 2026 es una residencia dise\u00f1ada para quienes buscan <strong data-start=\"629\" data-end=\"715\">optimizaci\u00f3n de espacios sin renunciar a est\u00e9tica contempor\u00e1nea y acabados premium<\/strong>.<\/p>\n<p data-start=\"718\" data-end=\"838\" style=\"text-align: justify;\">Cada metro cuadrado fue proyectado estrat\u00e9gicamente para ofrecer amplitud, iluminaci\u00f3n natural y distribuci\u00f3n eficiente.<\/p>\n<p>[\/et_pb_text][\/et_pb_column_inner][\/et_pb_row_inner][et_pb_row_inner column_structure=&#8221;1_3,1_3,1_3&#8243; use_custom_gutter=&#8221;on&#8221; gutter_width=&#8221;1&#8243; make_equal=&#8221;on&#8221; _builder_version=&#8221;4.25.2&#8243; _module_preset=&#8221;default&#8221; custom_padding=&#8221;0px||0px||true|&#8221; global_colors_info=&#8221;{}&#8221;][et_pb_column_inner type=&#8221;1_3&#8243; saved_specialty_column_type=&#8221;2_3&#8243; _builder_version=&#8221;4.25.2&#8243; _module_preset=&#8221;default&#8221; global_colors_info=&#8221;{}&#8221;][et_pb_number_counter title=&#8221;lotes disponibles&#8221; number=&#8221;8&#8243; _builder_version=&#8221;4.27.6&#8243; _module_preset=&#8221;9b8bd410-48e3-46a6-beaf-a77f7a623832&#8243; link_option_url=&#8221;#&#8221; global_colors_info=&#8221;{}&#8221;][\/et_pb_number_counter][\/et_pb_column_inner][et_pb_column_inner type=&#8221;1_3&#8243; saved_specialty_column_type=&#8221;2_3&#8243; _builder_version=&#8221;4.25.2&#8243; _module_preset=&#8221;default&#8221; global_colors_info=&#8221;{}&#8221;][et_pb_number_counter title=&#8221;metros cuadrados de superficie de lote&#8221; number=&#8221;105&#8243; _builder_version=&#8221;4.27.5&#8243; _module_preset=&#8221;9b8bd410-48e3-46a6-beaf-a77f7a623832&#8243; link_option_url=&#8221;#&#8221; locked=&#8221;off&#8221; global_colors_info=&#8221;{%22gcid-53054839-b83d-4ef0-8659-8a010e6148fd%22:%91%22title_text_color%22%93}&#8221;][\/et_pb_number_counter][\/et_pb_column_inner][et_pb_column_inner type=&#8221;1_3&#8243; saved_specialty_column_type=&#8221;2_3&#8243; _builder_version=&#8221;4.25.2&#8243; _module_preset=&#8221;default&#8221; global_colors_info=&#8221;{}&#8221;][et_pb_number_counter title=&#8221;metros cuadrados de construcci\u00f3n&#8221; number=&#8221;129.82&#8243; _builder_version=&#8221;4.27.5&#8243; _module_preset=&#8221;9b8bd410-48e3-46a6-beaf-a77f7a623832&#8243; link_option_url=&#8221;#&#8221; locked=&#8221;off&#8221; global_colors_info=&#8221;{%22gcid-53054839-b83d-4ef0-8659-8a010e6148fd%22:%91%22title_text_color%22%93}&#8221;][\/et_pb_number_counter][\/et_pb_column_inner][\/et_pb_row_inner][\/et_pb_column][\/et_pb_section][et_pb_section fb_built=&#8221;1&#8243; _builder_version=&#8221;4.27.6&#8243; _module_preset=&#8221;default&#8221; global_colors_info=&#8221;{}&#8221;][et_pb_row _builder_version=&#8221;4.27.6&#8243; _module_preset=&#8221;default&#8221; width=&#8221;100%&#8221; custom_margin=&#8221;||||false|false&#8221; custom_padding=&#8221;||||false|false&#8221; global_colors_info=&#8221;{}&#8221;][et_pb_column type=&#8221;4_4&#8243; _builder_version=&#8221;4.27.6&#8243; _module_preset=&#8221;default&#8221; custom_padding=&#8221;|0px||0px|false|false&#8221; global_colors_info=&#8221;{}&#8221;][et_pb_heading _builder_version=&#8221;4.27.6&#8243; _module_preset=&#8221;default&#8221; hover_enabled=&#8221;0&#8243; sticky_enabled=&#8221;0&#8243;][\/et_pb_heading][et_pb_image src=&#8221;https:\/\/tulipan.salgon.com\/wp-content\/uploads\/2026\/03\/Tulipanes-slider.png&#8221; title_text=&#8221;Tulipanes slider&#8221; force_fullwidth=&#8221;on&#8221; _builder_version=&#8221;4.27.6&#8243; _module_preset=&#8221;default&#8221; global_colors_info=&#8221;{}&#8221;][\/et_pb_image][\/et_pb_column][\/et_pb_row][\/et_pb_section][et_pb_section fb_built=&#8221;1&#8243; admin_label=&#8221;Categories&#8221; _builder_version=&#8221;4.25.2&#8243; _module_preset=&#8221;default&#8221; custom_padding=&#8221;0px|0px|0px|0px|true|true&#8221; global_colors_info=&#8221;{}&#8221;][et_pb_row _builder_version=&#8221;4.27.6&#8243; _module_preset=&#8221;default&#8221;][et_pb_column _builder_version=&#8221;4.27.6&#8243; _module_preset=&#8221;default&#8221; type=&#8221;4_4&#8243;][et_pb_heading _builder_version=&#8221;4.27.6&#8243; _module_preset=&#8221;default&#8221; hover_enabled=&#8221;0&#8243; sticky_enabled=&#8221;0&#8243; title=&#8221;Titulo 2&#8243;][\/et_pb_heading][\/et_pb_column][\/et_pb_row][et_pb_row column_structure=&#8221;1_4,1_4,1_4,1_4&#8243; use_custom_gutter=&#8221;on&#8221; gutter_width=&#8221;1&#8243; _builder_version=&#8221;4.27.6&#8243; _module_preset=&#8221;default&#8221; width=&#8221;100%&#8221; max_width=&#8221;100%&#8221; custom_padding=&#8221;0px||0px||true|false&#8221; global_colors_info=&#8221;{}&#8221;][et_pb_column type=&#8221;1_4&#8243; _builder_version=&#8221;4.27.5&#8243; _module_preset=&#8221;b0615893-cde3-4ae5-b104-40e2f0caccbe&#8221; background_image=&#8221;https:\/\/tulipan.salgon.com\/wp-content\/uploads\/2026\/03\/EXT-01-FACHADA-PRINCIPAL.png&#8221; custom_padding=&#8221;14vw|60px|14vw|60px|true|true&#8221; global_colors_info=&#8221;{}&#8221; custom_padding__hover=&#8221;13vw||15vw||false|true&#8221; box_shadow_color__hover=&#8221;&#8221; box_shadow_color__hover_enabled=&#8221;on|desktop&#8221;][et_pb_heading title=&#8221;Fachada&#8221; _builder_version=&#8221;4.27.5&#8243; _module_preset=&#8221;475da95f-fe71-421a-bd5b-362e6f5e1f6d&#8221; title_text_align=&#8221;center&#8221; title_text_color=&#8221;#FFFFFF&#8221; global_colors_info=&#8221;{}&#8221;][\/et_pb_heading][\/et_pb_column][et_pb_column type=&#8221;1_4&#8243; _builder_version=&#8221;4.27.6&#8243; _module_preset=&#8221;b0615893-cde3-4ae5-b104-40e2f0caccbe&#8221; use_background_color_gradient=&#8221;off&#8221; background_image=&#8221;https:\/\/tulipan.salgon.com\/wp-content\/uploads\/2026\/03\/INT-04-COCINAc.png&#8221; custom_padding=&#8221;14vw|60px|14vw|60px|true|true&#8221; global_colors_info=&#8221;{}&#8221; custom_padding__hover=&#8221;13vw||15vw||false|true&#8221;][et_pb_heading title=&#8221;Cocina&#8221; _builder_version=&#8221;4.27.6&#8243; _module_preset=&#8221;475da95f-fe71-421a-bd5b-362e6f5e1f6d&#8221; title_text_align=&#8221;center&#8221; title_text_color=&#8221;#FFFFFF&#8221; global_colors_info=&#8221;{}&#8221;][\/et_pb_heading][\/et_pb_column][et_pb_column type=&#8221;1_4&#8243; _builder_version=&#8221;4.27.6&#8243; _module_preset=&#8221;b0615893-cde3-4ae5-b104-40e2f0caccbe&#8221; background_image=&#8221;https:\/\/tulipan.salgon.com\/wp-content\/uploads\/2026\/03\/INT-07-RECAMARA-PRINCIPAL.png&#8221; custom_padding=&#8221;14vw|60px|14vw|60px|true|true&#8221; global_colors_info=&#8221;{}&#8221; custom_padding__hover=&#8221;13vw||15vw||false|true&#8221;][et_pb_heading title=&#8221;Rec\u00e1mara&#8221; _builder_version=&#8221;4.27.6&#8243; _module_preset=&#8221;475da95f-fe71-421a-bd5b-362e6f5e1f6d&#8221; title_text_align=&#8221;center&#8221; title_text_color=&#8221;#FFFFFF&#8221; global_colors_info=&#8221;{}&#8221;][\/et_pb_heading][\/et_pb_column][et_pb_column type=&#8221;1_4&#8243; _builder_version=&#8221;4.27.6&#8243; _module_preset=&#8221;b0615893-cde3-4ae5-b104-40e2f0caccbe&#8221; background_image=&#8221;https:\/\/tulipan.salgon.com\/wp-content\/uploads\/2026\/03\/INT-06-MEDIO-BANO.png&#8221; custom_padding=&#8221;14vw|60px|14vw|60px|true|true&#8221; global_colors_info=&#8221;{}&#8221; custom_padding__hover=&#8221;13vw||15vw||false|true&#8221;][et_pb_heading title=&#8221;Ba\u00f1o&#8221; _builder_version=&#8221;4.27.6&#8243; _module_preset=&#8221;475da95f-fe71-421a-bd5b-362e6f5e1f6d&#8221; title_text_align=&#8221;center&#8221; title_text_color=&#8221;#FFFFFF&#8221; global_colors_info=&#8221;{}&#8221;][\/et_pb_heading][\/et_pb_column][\/et_pb_row][\/et_pb_section][et_pb_section fb_built=&#8221;1&#8243; theme_builder_area=&#8221;post_content&#8221; _builder_version=&#8221;4.27.6&#8243; _module_preset=&#8221;default&#8221;][et_pb_row _builder_version=&#8221;4.27.6&#8243; _module_preset=&#8221;default&#8221; theme_builder_area=&#8221;post_content&#8221;][et_pb_column _builder_version=&#8221;4.27.6&#8243; _module_preset=&#8221;default&#8221; type=&#8221;4_4&#8243; theme_builder_area=&#8221;post_content&#8221;][et_pb_heading _builder_version=&#8221;4.27.6&#8243; _module_preset=&#8221;default&#8221; theme_builder_area=&#8221;post_content&#8221; title=&#8221;Distribuci\u00f3n Perfecta&#8221; title_font=&#8221;Montserrat||||||||&#8221; title_text_align=&#8221;center&#8221; title_font_size=&#8221;45px&#8221; hover_enabled=&#8221;0&#8243; sticky_enabled=&#8221;0&#8243;][\/et_pb_heading][\/et_pb_column][\/et_pb_row][et_pb_row _builder_version=&#8221;4.27.6&#8243; _module_preset=&#8221;default&#8221; column_structure=&#8221;3_4,1_4&#8243; theme_builder_area=&#8221;post_content&#8221;][et_pb_column _builder_version=&#8221;4.27.6&#8243; _module_preset=&#8221;default&#8221; type=&#8221;3_4&#8243; theme_builder_area=&#8221;post_content&#8221;][et_pb_pricing_tables _builder_version=&#8221;4.27.6&#8243; _module_preset=&#8221;default&#8221; theme_builder_area=&#8221;post_content&#8221; hover_enabled=&#8221;0&#8243; sticky_enabled=&#8221;0&#8243;][\/et_pb_pricing_tables][\/et_pb_column][et_pb_column _builder_version=&#8221;4.27.6&#8243; _module_preset=&#8221;default&#8221; type=&#8221;1_4&#8243; theme_builder_area=&#8221;post_content&#8221;][et_pb_image _builder_version=&#8221;4.27.6&#8243; _module_preset=&#8221;default&#8221; theme_builder_area=&#8221;post_content&#8221; title_text=&#8221;LOGO SALGON MR 3&#8243; src=&#8221;https:\/\/tulipan.salgon.com\/wp-content\/uploads\/2026\/03\/LOGO-SALGON-MR-3.png&#8221; hover_enabled=&#8221;0&#8243; sticky_enabled=&#8221;0&#8243;][\/et_pb_image][\/et_pb_column][\/et_pb_row][\/et_pb_section][et_pb_section fb_built=&#8221;1&#8243; _builder_version=&#8221;4.27.6&#8243; _module_preset=&#8221;default&#8221; width=&#8221;100%&#8221; max_width=&#8221;100%&#8221; module_alignment=&#8221;center&#8221; custom_margin=&#8221;0px|0px||0px|false|false&#8221; custom_padding=&#8221;|0px||0px|false|false&#8221; global_colors_info=&#8221;{}&#8221;][et_pb_row _builder_version=&#8221;4.27.6&#8243; _module_preset=&#8221;default&#8221; global_colors_info=&#8221;{}&#8221;][et_pb_column type=&#8221;4_4&#8243; _builder_version=&#8221;4.27.6&#8243; _module_preset=&#8221;default&#8221; global_colors_info=&#8221;{}&#8221;][et_pb_text _builder_version=&#8221;4.27.6&#8243; _module_preset=&#8221;default&#8221; global_colors_info=&#8221;{}&#8221;]<\/p>\n<h1 class=\"et_pb_module_heading\" style=\"text-align: center;\"><strong>\u00bfComo Llegar?<\/strong><\/h1>\n<p>[\/et_pb_text][et_pb_code _builder_version=&#8221;4.27.6&#8243; _module_preset=&#8221;default&#8221; global_colors_info=&#8221;{}&#8221;]<iframe src=\"https:\/\/www.google.com\/maps\/embed?pb=!1m17!1m12!1m3!1d3793.5726774834266!2d-92.95062382481974!3d18.045024582958703!2m3!1f0!2f0!3f0!3m2!1i1024!2i768!4f13.1!3m2!1m1!2s!5e0!3m2!1ses!2smx!4v1772559307058!5m2!1ses!2smx\" width=\"1200\" height=\"450\" style=\"border:0;\" allowfullscreen=\"\" loading=\"lazy\" referrerpolicy=\"no-referrer-when-downgrade\"><\/iframe>[\/et_pb_code][\/et_pb_column][\/et_pb_row][\/et_pb_section][et_pb_section fb_built=&#8221;1&#8243; _builder_version=&#8221;4.27.6&#8243; _module_preset=&#8221;default&#8221; global_colors_info=&#8221;{}&#8221;][et_pb_row _builder_version=&#8221;4.27.6&#8243; _module_preset=&#8221;default&#8221; global_colors_info=&#8221;{}&#8221;][et_pb_column type=&#8221;4_4&#8243; _builder_version=&#8221;4.27.6&#8243; _module_preset=&#8221;default&#8221; global_colors_info=&#8221;{}&#8221;][et_pb_text _builder_version=&#8221;4.27.6&#8243; _module_preset=&#8221;default&#8221; global_colors_info=&#8221;{}&#8221;]<\/p>\n<h1 class=\"et_pb_module_heading\" style=\"text-align: center;\"><strong>Galer\u00eda de Fotos<\/strong><\/h1>\n<p>[\/et_pb_text][et_pb_gallery gallery_ids=&#8221;56,43,63,53,55,54&#8243; gallery_orderby=&#8221;rand&#8221; fullwidth=&#8221;on&#8221; _builder_version=&#8221;4.27.6&#8243; _module_preset=&#8221;default&#8221; hover_enabled=&#8221;0&#8243; global_colors_info=&#8221;{}&#8221; sticky_enabled=&#8221;0&#8243;][\/et_pb_gallery][\/et_pb_column][\/et_pb_row][\/et_pb_section]<\/p>\n","protected":false},"excerpt":{"rendered":"<p>Casa Tulip\u00e1n 2026 es una residencia dise\u00f1ada para quienes buscan optimizaci\u00f3n de espacios sin renunciar a est\u00e9tica contempor\u00e1nea y acabados premium. Cada metro cuadrado fue proyectado estrat\u00e9gicamente para ofrecer amplitud, iluminaci\u00f3n natural y distribuci\u00f3n eficiente.\u00bfComo Llegar?Galer\u00eda de Fotos<\/p>\n","protected":false},"author":1,"featured_media":0,"parent":0,"menu_order":0,"comment_status":"closed","ping_status":"closed","template":"page-template-blank.php","meta":{"_et_pb_use_builder":"on","_et_pb_old_content":"","_et_gb_content_width":"","footnotes":""},"class_list":["post-14","page","type-page","status-publish","hentry"],"yoast_head":"<!-- This site is optimized with the Yoast SEO plugin v27.1.1 - https:\/\/yoast.com\/product\/yoast-seo-wordpress\/ -->\n<title>Tulipan - Tulipan<\/title>\n<meta name=\"robots\" content=\"index, follow, max-snippet:-1, max-image-preview:large, max-video-preview:-1\" \/>\n<link rel=\"canonical\" href=\"https:\/\/tulipan.salgon.com\/\" \/>\n<meta property=\"og:locale\" content=\"es_MX\" \/>\n<meta property=\"og:type\" content=\"article\" \/>\n<meta property=\"og:title\" content=\"Tulipan - Tulipan\" \/>\n<meta property=\"og:description\" content=\"Casa Tulip\u00e1n 2026 es una residencia dise\u00f1ada para quienes buscan optimizaci\u00f3n de espacios sin renunciar a est\u00e9tica contempor\u00e1nea y acabados premium. Cada metro cuadrado fue proyectado estrat\u00e9gicamente para ofrecer amplitud, iluminaci\u00f3n natural y distribuci\u00f3n eficiente.\u00bfComo Llegar?Galer\u00eda de Fotos\" \/>\n<meta property=\"og:url\" content=\"https:\/\/tulipan.salgon.com\/\" \/>\n<meta property=\"og:site_name\" content=\"Tulipan\" \/>\n<meta property=\"article:modified_time\" content=\"2026-03-09T16:17:12+00:00\" \/>\n<meta name=\"twitter:card\" content=\"summary_large_image\" \/>\n<script type=\"application\/ld+json\" class=\"yoast-schema-graph\">{\"@context\":\"https:\/\/schema.org\",\"@graph\":[{\"@type\":\"WebPage\",\"@id\":\"https:\/\/tulipan.salgon.com\/\",\"url\":\"https:\/\/tulipan.salgon.com\/\",\"name\":\"Tulipan - Tulipan\",\"isPartOf\":{\"@id\":\"https:\/\/tulipan.salgon.com\/#website\"},\"datePublished\":\"2026-03-02T05:28:31+00:00\",\"dateModified\":\"2026-03-09T16:17:12+00:00\",\"breadcrumb\":{\"@id\":\"https:\/\/tulipan.salgon.com\/#breadcrumb\"},\"inLanguage\":\"es\",\"potentialAction\":[{\"@type\":\"ReadAction\",\"target\":[\"https:\/\/tulipan.salgon.com\/\"]}]},{\"@type\":\"BreadcrumbList\",\"@id\":\"https:\/\/tulipan.salgon.com\/#breadcrumb\",\"itemListElement\":[{\"@type\":\"ListItem\",\"position\":1,\"name\":\"Inicio\",\"item\":\"https:\/\/tulipan.salgon.com\/\"},{\"@type\":\"ListItem\",\"position\":2,\"name\":\"Tulipan\"}]},{\"@type\":\"WebSite\",\"@id\":\"https:\/\/tulipan.salgon.com\/#website\",\"url\":\"https:\/\/tulipan.salgon.com\/\",\"name\":\"Tulipan\",\"description\":\"\",\"potentialAction\":[{\"@type\":\"SearchAction\",\"target\":{\"@type\":\"EntryPoint\",\"urlTemplate\":\"https:\/\/tulipan.salgon.com\/?s={search_term_string}\"},\"query-input\":{\"@type\":\"PropertyValueSpecification\",\"valueRequired\":true,\"valueName\":\"search_term_string\"}}],\"inLanguage\":\"es\"}]}<\/script>\n<!-- \/ Yoast SEO plugin. -->","yoast_head_json":{"title":"Tulipan - Tulipan","robots":{"index":"index","follow":"follow","max-snippet":"max-snippet:-1","max-image-preview":"max-image-preview:large","max-video-preview":"max-video-preview:-1"},"canonical":"https:\/\/tulipan.salgon.com\/","og_locale":"es_MX","og_type":"article","og_title":"Tulipan - Tulipan","og_description":"Casa Tulip\u00e1n 2026 es una residencia dise\u00f1ada para quienes buscan optimizaci\u00f3n de espacios sin renunciar a est\u00e9tica contempor\u00e1nea y acabados premium. Cada metro cuadrado fue proyectado estrat\u00e9gicamente para ofrecer amplitud, iluminaci\u00f3n natural y distribuci\u00f3n eficiente.\u00bfComo Llegar?Galer\u00eda de Fotos","og_url":"https:\/\/tulipan.salgon.com\/","og_site_name":"Tulipan","article_modified_time":"2026-03-09T16:17:12+00:00","twitter_card":"summary_large_image","schema":{"@context":"https:\/\/schema.org","@graph":[{"@type":"WebPage","@id":"https:\/\/tulipan.salgon.com\/","url":"https:\/\/tulipan.salgon.com\/","name":"Tulipan - Tulipan","isPartOf":{"@id":"https:\/\/tulipan.salgon.com\/#website"},"datePublished":"2026-03-02T05:28:31+00:00","dateModified":"2026-03-09T16:17:12+00:00","breadcrumb":{"@id":"https:\/\/tulipan.salgon.com\/#breadcrumb"},"inLanguage":"es","potentialAction":[{"@type":"ReadAction","target":["https:\/\/tulipan.salgon.com\/"]}]},{"@type":"BreadcrumbList","@id":"https:\/\/tulipan.salgon.com\/#breadcrumb","itemListElement":[{"@type":"ListItem","position":1,"name":"Inicio","item":"https:\/\/tulipan.salgon.com\/"},{"@type":"ListItem","position":2,"name":"Tulipan"}]},{"@type":"WebSite","@id":"https:\/\/tulipan.salgon.com\/#website","url":"https:\/\/tulipan.salgon.com\/","name":"Tulipan","description":"","potentialAction":[{"@type":"SearchAction","target":{"@type":"EntryPoint","urlTemplate":"https:\/\/tulipan.salgon.com\/?s={search_term_string}"},"query-input":{"@type":"PropertyValueSpecification","valueRequired":true,"valueName":"search_term_string"}}],"inLanguage":"es"}]}},"_links":{"self":[{"href":"https:\/\/tulipan.salgon.com\/index.php?rest_route=\/wp\/v2\/pages\/14","targetHints":{"allow":["GET"]}}],"collection":[{"href":"https:\/\/tulipan.salgon.com\/index.php?rest_route=\/wp\/v2\/pages"}],"about":[{"href":"https:\/\/tulipan.salgon.com\/index.php?rest_route=\/wp\/v2\/types\/page"}],"author":[{"embeddable":true,"href":"https:\/\/tulipan.salgon.com\/index.php?rest_route=\/wp\/v2\/users\/1"}],"replies":[{"embeddable":true,"href":"https:\/\/tulipan.salgon.com\/index.php?rest_route=%2Fwp%2Fv2%2Fcomments&post=14"}],"version-history":[{"count":22,"href":"https:\/\/tulipan.salgon.com\/index.php?rest_route=\/wp\/v2\/pages\/14\/revisions"}],"predecessor-version":[{"id":85,"href":"https:\/\/tulipan.salgon.com\/index.php?rest_route=\/wp\/v2\/pages\/14\/revisions\/85"}],"wp:attachment":[{"href":"https:\/\/tulipan.salgon.com\/index.php?rest_route=%2Fwp%2Fv2%2Fmedia&parent=14"}],"curies":[{"name":"wp","href":"https:\/\/api.w.org\/{rel}","templated":true}]}}